{"id":2277,"date":"2023-03-16T11:08:23","date_gmt":"2023-03-16T09:08:23","guid":{"rendered":"https:\/\/pallaiguide.hu\/?page_id=2277"},"modified":"2025-04-08T17:44:14","modified_gmt":"2025-04-08T15:44:14","slug":"barataink","status":"publish","type":"page","link":"https:\/\/pallaiguide.hu\/index.php\/barataink\/","title":{"rendered":"Bar\u00e1taink"},"content":{"rendered":"\n<p>Itt szeretn\u00e9nk nektek olyan embereket, blogokat, oldalakat aj\u00e1nlani, akik \/ amelyek valami\u00e9rt k\u00f6zel \u00e1llnak hozz\u00e1nk \u00e9s ha szeretitek amit mi csin\u00e1lunk, \u0151ket is szeretni fogj\u00e1tok. Bar\u00e1tkozzatok vel\u00fck is!<\/p>\n\n\n\n<hr class=\"wp-block-separator has-alpha-channel-opacity is-style-wide\"\/>\n\n\n\n<div style=\"height:32px\" aria-hidden=\"true\" class=\"wp-block-spacer\"><\/div>\n\n\n\n<h2 class=\"wp-block-heading\">P\u00e1r Perc alatt a Vil\u00e1g k\u00f6r\u00fcl &#8211; TLC AROUND THE WORLD<\/h2>\n\n\n\n<p>Youtube:  <a rel=\"noreferrer noopener\" href=\"https:\/\/www.youtube.com\/@tlc777\" data-type=\"URL\" data-id=\"https:\/\/www.youtube.com\/@tlc777\" target=\"_blank\">P\u00e1r perc alatt a vil\u00e1g k\u00f6r\u00fcl &#8211; M\u00e1rti \u00e9s Zoli Videoblogja<\/a><\/p>\n\n\n\n<figure class=\"wp-block-image size-full\"><img data-recalc-dims=\"1\" loading=\"lazy\" decoding=\"async\" width=\"900\" height=\"469\" src=\"https:\/\/i0.wp.com\/pallaiguide.hu\/wp-content\/uploads\/2023\/03\/martizoli.jpg?resize=900%2C469&#038;ssl=1\" alt=\"\" class=\"wp-image-2278\" srcset=\"https:\/\/i0.wp.com\/pallaiguide.hu\/wp-content\/uploads\/2023\/03\/martizoli.jpg?w=900&amp;ssl=1 900w, https:\/\/i0.wp.com\/pallaiguide.hu\/wp-content\/uploads\/2023\/03\/martizoli.jpg?resize=300%2C156&amp;ssl=1 300w, https:\/\/i0.wp.com\/pallaiguide.hu\/wp-content\/uploads\/2023\/03\/martizoli.jpg?resize=768%2C400&amp;ssl=1 768w\" sizes=\"auto, (max-width: 900px) 100vw, 900px\" \/><\/figure>\n\n\n\n<p>M\u00e1rti \u00e9s Zoli nek\u00fcnk egy etalon. Mind emberileg, mind ahogy a vide\u00f3kat, tartalmakat k\u00e9sz\u00edtik, \u0151szintes\u00e9ggel, a val\u00f3s\u00e1g bemutat\u00e1s\u00e1val. Ha k\u00edv\u00e1ncsiak vagytok, merre j\u00e1rnak, \u00e9pp a vil\u00e1g melyik cs\u00fccsk\u00e9b\u0151l jelentkeznek r\u00f6vid (vagy \u00e9pp hosszabb) vide\u00f3ikkal, k\u00f6vess\u00e9tek \u0151ket!<\/p>\n\n\n\n<p>Mi nagyon szeretj\u00fck \u0151ket! Nagyon! \ud83d\ude42<\/p>\n\n\n\n<hr class=\"wp-block-separator has-alpha-channel-opacity is-style-wide\"\/>\n\n\n\n<div style=\"height:21px\" aria-hidden=\"true\" class=\"wp-block-spacer\"><\/div>\n\n\n\n<p><\/p>\n\n\n\n<p><\/p>\n","protected":false},"excerpt":{"rendered":"<p>Itt szeretn\u00e9nk nektek olyan embereket, blogokat, oldalakat aj\u00e1nlani, akik \/ amelyek valami\u00e9rt k\u00f6zel \u00e1llnak hozz\u00e1nk \u00e9s ha szeretitek amit mi csin\u00e1lunk, \u0151ket is szeretni fogj\u00e1tok. Bar\u00e1tkozzatok vel\u00fck is! P\u00e1r Perc alatt a Vil\u00e1g k\u00f6r\u00fcl &#8211; TLC AROUND THE WORLD Youtube: P\u00e1r perc alatt a vil\u00e1g k\u00f6r\u00fcl &#8211; M\u00e1rti \u00e9s Zoli Videoblogja M\u00e1rti \u00e9s Zoli nek\u00fcnk [&hellip;]<\/p>\n","protected":false},"author":2,"featured_media":0,"parent":0,"menu_order":0,"comment_status":"closed","ping_status":"closed","template":"page-with-sidebar","meta":{"advanced_seo_description":"","jetpack_seo_html_title":"","jetpack_seo_noindex":false,"footnotes":""},"class_list":["post-2277","page","type-page","status-publish","hentry"],"jetpack_sharing_enabled":true,"_links":{"self":[{"href":"https:\/\/pallaiguide.hu\/index.php\/wp-json\/wp\/v2\/pages\/2277","targetHints":{"allow":["GET"]}}],"collection":[{"href":"https:\/\/pallaiguide.hu\/index.php\/wp-json\/wp\/v2\/pages"}],"about":[{"href":"https:\/\/pallaiguide.hu\/index.php\/wp-json\/wp\/v2\/types\/page"}],"author":[{"embeddable":true,"href":"https:\/\/pallaiguide.hu\/index.php\/wp-json\/wp\/v2\/users\/2"}],"replies":[{"embeddable":true,"href":"https:\/\/pallaiguide.hu\/index.php\/wp-json\/wp\/v2\/comments?post=2277"}],"version-history":[{"count":10,"href":"https:\/\/pallaiguide.hu\/index.php\/wp-json\/wp\/v2\/pages\/2277\/revisions"}],"predecessor-version":[{"id":2458,"href":"https:\/\/pallaiguide.hu\/index.php\/wp-json\/wp\/v2\/pages\/2277\/revisions\/2458"}],"wp:attachment":[{"href":"https:\/\/pallaiguide.hu\/index.php\/wp-json\/wp\/v2\/media?parent=2277"}],"curies":[{"name":"wp","href":"https:\/\/api.w.org\/{rel}","templated":true}]}}